{"id":482,"date":"2021-05-31T14:01:51","date_gmt":"2021-05-31T11:01:51","guid":{"rendered":"https:\/\/s-car.md\/?page_id=482"},"modified":"2021-05-31T14:04:50","modified_gmt":"2021-05-31T11:04:50","slug":"terms","status":"publish","type":"page","link":"https:\/\/s-car.md\/ru\/terms\/","title":{"rendered":"Privacy policy"},"content":{"rendered":"<p><strong>POLITICA PRIVIND PROCESAREA DATELOR PERSONALE<\/strong><\/p>\n<p>V\u0103 inform\u0103m c\u0103 vom procesa datele dvs. personale \u00een conformitate cu principiile corectitudinii, legalit\u0103\u021bii, transparen\u021bei \u0219i protec\u021biei vie\u021bii private \u0219i a drepturilor dumneavoastr\u0103 \u0219i v\u0103 inform\u0103m despre urm\u0103toarele:<\/p>\n<p>S-CAR, \u00een calitate de operator de date cu caracter personal,<\/p>\n<p>S-Car SRL sediul: Strada Mihai Viteazul 4D, Cahul, email info@s-car.md<\/p>\n<p><strong>Scopul tratamentului<\/strong><\/p>\n<p>Tratamentul se desf\u0103\u0219oar\u0103 \u00een urm\u0103toarele scopuri:<\/p>\n<p>\u2013 executarea corect\u0103 \u0219i complet\u0103 a contractului \u0219i obliga\u021biile aferente;<\/p>\n<p>\u2013 \u00eendeplinirea obliga\u021biilor legale impuse de legisla\u021bia \u00een vigoare;<\/p>\n<p>\u2013 \u00eendeplinirea obliga\u021biilor fiscale \u0219i fiscale;<\/p>\n<p>\u2013 activitatea de marketing;<\/p>\n<p>\u2013 satisfac\u021bia clien\u021bilor;<\/p>\n<p>\u2013 activitatea de informare a clientului<\/p>\n<p><strong>Temeiul juridic al prelucr\u0103rii<\/strong><\/p>\n<p>Baza legal\u0103 a acestor tratamente este realizarea serviciilor inerente rela\u021biei contractuale stabilite, respectarea obliga\u021biilor legale \u0219i interesului legitim pentru efectuarea tratamentelor necesare \u00een aceste scopuri.<\/p>\n<p><strong>C\u0103tre cine sunt comunicate datele<\/strong><\/p>\n<p>Datele pot fi comunicate:<\/p>\n<p>1) Furnizorilor ter\u021bi ai companiei noastre;<\/p>\n<p>2) clien\u021bilor companiei noastre;<\/p>\n<p>3) institu\u021biile bancare, autorit\u0103\u021bile fiscale, organismele responsabile cu controlul obliga\u021biilor fiscale, avoca\u021bii \u0219i organele de justi\u021bie;<\/p>\n<p>4) furnizorii de servicii;<\/p>\n<p>5) autorit\u0103\u021bi \u0219i \/ sau organisme publice;<\/p>\n<p>Comunicarea \u0219i transferul datelor pot avea loc \u0219i \u00eempotriva unuia sau a mai multor subiec\u021bi care opereaz\u0103 \u00een afara teritoriului na\u021bional \u0219i, de asemenea, \u00een afara teritoriului Uniunii Europene.<\/p>\n<p><strong>Consecin\u021bele e\u0219ecului de a comunica datele<\/strong><\/p>\n<p>Re\u021bine\u021bi c\u0103, lu\u00e2nd \u00een considerare scopurile tratamentului descris mai sus, furnizarea de date este obligatorie, iar ne\u00eendeplinirea acestora, acordarea par\u021bial\u0103 sau incorect\u0103 poate avea drept consecin\u021b\u0103 imposibilitatea de a efectua serviciile contractuale.<\/p>\n<p>\u00cen cazul \u00een care persoana \u00een cauz\u0103 este sub 16 ani, tratamentul trebuie s\u0103 fie autorizat de titularul r\u0103spunderii p\u0103rinte\u0219ti, pentru care se vor ob\u021bine datele de identificare \u0219i copia documentelor de identificare.<\/p>\n<p><strong>Metod\u0103 de tratament<\/strong><\/p>\n<p>Tratamentul va fi efectuat at\u00e2t cu instrumente manuale la calculator \u0219i organizarea de prelucrare a logicii electronice \u0219i \u00een str\u00e2ns\u0103 leg\u0103tur\u0103 cu scopurile men\u021bionate mai sus \u0219i, \u00een orice caz, \u00een a\u0219a fel \u00eenc\u00e2t s\u0103 se asigure securitatea, integritatea \u0219i confiden\u021bialitatea datelor \u00een conformitate cu m\u0103surile organizatorice, fizice \u0219i logica prev\u0103zut\u0103 de dispozi\u021biile \u00een vigoare.<\/p>\n<p>Datele dvs. pot fi stocate fie pe h\u00e2rtie, fie \u00een arhive electronice.<\/p>\n<p>Datele dvs. nu sunt supuse dezv\u0103luirii sau procesului de luare a deciziilor complet automatizate, inclusiv a profil\u0103rii.<\/p>\n<p><strong>Re\u021binerea datelor<\/strong><\/p>\n<p>Datele cu caracter personal sunt p\u0103strate pentru \u00eentreaga durat\u0103 a contractului \u0219i timp de zece ani de la emiterea ultimei facturi, cu excep\u021bia cazului \u00een care legea prevede altfel.<\/p>\n<p><strong>Exercitarea drepturilor tale<\/strong><\/p>\n<p>Pute\u021bi s\u0103 scrie\u021bi \u00een orice moment proprietarului \u0219i administratorului de date s\u0103 exercite drepturile:<\/p>\n<p>\u2013 accesul la datele dvs. personale;<\/p>\n<p>\u2013 pentru a ob\u021bine corectarea datelor dvs. personale dac\u0103 este eronat\u0103;<\/p>\n<p>\u2013 pentru a ob\u021bine anularea datelor dvs. personale \u00een cazurile men\u021bionate la art. 17 GDPR;<\/p>\n<p>\u2013 obtinerea limitarii procesarii in limitele art. 18 GDPR;<\/p>\n<p>\u2013 s\u0103 utilizeze portabilitatea datelor \u00een conformitate cu art. 20 GDPR;<\/p>\n<p>\u2013 s\u0103 se opun\u0103 tratamentului \u00een cazurile prev\u0103zute la art. 21 GDPR;<\/p>\n<p>\u2013 s\u0103 nu fie supus proces\u0103rii automatizate, conform prevederilor art. 22 GDPR;<\/p>\n<p>\u2013 revocarea consim\u021b\u0103m\u00e2ntului, \u00een cazul \u00een care se prevede: revocarea consim\u021b\u0103m\u00e2ntului nu afecteaz\u0103 legalitatea tratamentului pe baza consim\u021b\u0103m\u00e2ntului acordat \u00eenainte de revocare;<\/p>\n<p>\u2013 s\u0103 propun\u0103 o pl\u00e2ngere autorit\u0103\u021bii de supraveghere (Garant de confiden\u021bialitate).<\/p>\n<p>Informa\u021bii actualizate la data de 31 mai 2021<\/p>\n<p>Titularul<\/p>\n<p>S-CAR<\/p>\n<p>Politica de utilizare cookie-uri<\/p>\n<p>Site-ul s-car.md utilizeaza cookie-uri pentru a oferi vizitatorilor sai o experienta mai buna de navigare si servicii adaptate intereselor fiecarui vizitator. Va prezentam mai jos informatiile necesare pentru a va aduce la cunostinta detaliile legate de plasarea, utilizarea si administrarea cookie-urilor utilizate de site-ul s-car.md<\/p>\n<p>Similar, in mediul online, exista si alte site-uri, pagini personalizate inclusiv pe platforme ale tertelor parti (cum ar fi Facebook sau YouTube) si aplicatiilor accesate sau utilizate prin asemenea site-uri care sunt operate de sau in numele Spirulina Vie SRL si care folosesc cookie-uri conform celor prezentate mai jos.<\/p>\n<p><strong>Aplicabilitatea acestei Politici<\/strong><\/p>\n<p>Aceasta Politica se aplica site-ului s-car.md<\/p>\n<p>De asemenea, pentru identitate, informatiile din acest document se aplica si altor platforme online care sunt operate de sau in numele Spirulina Vie SRL<\/p>\n<p>Utilizand acest site si alte Site-uri Spirulina Vie SRL, sunteti de acord cu modul de utilizare de catre noi a cookie-urilor, in conformitate cu aceasta Politica privind utilizarea lor.<\/p>\n<p>Daca nu sunteti de acord cu modul nostru de utilizare a cookie-urilor, trebuie sa setati corespunzator setarile browser-ului dumneavoastra.<\/p>\n<p>Decuplarea cookie-urilor pe care le utilizam ar putea afecta experienta dumneavoastra ca utilizator pe acest site si pe alte Site-urile Spirulina Vie SRL<\/p>\n<p><strong>Ce sunt cookie-urile?<\/strong><\/p>\n<p>Cookie-urile sunt fisiere de mici dimensiuni, formate din litere si numere, care vor fi stocate pe computerul, terminalul mobil sau alte echipamente ale unui utilizator de pe care se acceseaza internetul.<\/p>\n<p>Cookie-urile sunt instalate prin solicitarea emisa de catre un web-server, unui browser (ex: Internet Explorer, Chrome).<\/p>\n<p>Cookie-urile sunt complet \u201cpasive\u201d (nu contin programe software, virusi sau spyware si nu pot accesa informatiile de pe hard driverul utilizatorului).<\/p>\n<p>Un cookie este format din 2 parti: numele si continutul sau valoarea cookie-ului. Durata de existenta a unui cookie este determinata; tehnic, doar webserverul care a trimis cookie-ul il poate accesa din nou in momentul in care un utilizator se intoarce pe website-ul asociat web-serverului respectiv.<\/p>\n<p>Cookie-urile in sine nu solicita informatii cu caracter personal pentru a putea fi utilizate si, in cele mai multe cazuri, nu identifica personal utilizatorii de internet.<\/p>\n<p><strong>Exista 2 categorii mari de cookie-uri:<\/strong><\/p>\n<ol>\n<li>cookie-uri de sesiune: sunt stocate temporar in dosarul de cookie-uri al browserului web pentru ca acesta sa le memoreze pana cand utilizatorul iese de pe web-siteul respectiv sau inchide fereastra browserului;<\/li>\n<li>cookie-uri persistente: sunt stocate pe hard-drive-ul unui computer sau echipament si sunt activate din nou cand vizitati site-ul care a creat acel cookie specific. Cookie-urile persistente le includ si pe cele plasate de un alt website decat cel pe care il viziteaza utilizatorul la momentul respectiv. Acestea sunt cunoscute sub numele de \u201cthird party cookies\u201d respectiv cookie-uri plasate de terti. Acestea memoreaza interesele unui utilizator pentru a livra publicitate cat mai relevanta pentru acesta.<\/li>\n<\/ol>\n<p><strong>Care este durata de viata a unui cookie?<\/strong><\/p>\n<p>Durata de viata a unui cookie poate varia semnificativ, in functie de scopul pentru care acesta este plasat. Unele cookie-uri sunt menite unei singure utilizari (cum este cazul cookie-urilor de sesiune), prin urmare nu sunt mentinute odata ce utilizatorul paraseste site-ul. Alte cookie-uri sunt mentinute si reutilizate de fiecare data cand utilizatorul revine pe site (cookie-uri persistente). Totusi, cookie-urile pot fi sterse de utilizator in orice moment prin utilizarea setarilor browser-ului.<\/p>\n<p><strong>Ce sunt cookie-urile plasate de terti?<\/strong><\/p>\n<p>Unele sectiuni de continut ale unor site-uri pot fi furnizate prin cookie-uri ale tertilor cum este cazul unei reclame. Astfel de cookie-uri pot fi plasate pe site si sunt denumite cookie-uri plasate de terti intrucat nu sunt plasate de proprietarul site-ului. Astfel de terti sunt la randul lor obligati sa respecte reglementarile legale aplicabile si politicile de confidentialitate ale proprietarului site-ului respectiv.<\/p>\n<p><strong>De ce sunt cookie-urile importante pentru internet?<\/strong><\/p>\n<p>Cookie-urile reprezinta punctul central al functionarii eficiente a Internetului, ajutand la generarea unei experiente de navigare prietenoase si adaptata preferintelor si intereselor fiecarui utilizator. Refuzarea sau dezactivarea cookie-urilor poate face unele site-uri imposibil de folosit. Refuzarea sau dezactivarea cookie-urilor nu inseamna ca nu veti mai primi publicitate online \u2013 ci doar ca aceasta nu va mai putea tine cont de preferintele si interesele dvs, evidentiate prin comportamentul de navigare. Exemple de intrebuintari importante ale cookie-urilor (care nu necesita autentificarea unui utilizator prin intermediul unui cont):<\/p>\n<ol>\n<li>Continut si servicii adaptate preferintelor utilizatorului \u2013 categorii de produse si servicii;<\/li>\n<li>Oferte adaptate pe interesele utilizatorilor \u2013 retinerea parolelor;<\/li>\n<li>Retinerea filtrelor de protectie a copiilor privind continutul pe Internet (optiuni family mode, functii de safe search);<\/li>\n<li>Limitarea frecventei de difuzare a reclamelor \u2013 limitarea numarului de afisari a unei reclame pentru un anumit utilizator pe un site;<\/li>\n<li>Furnizarea de publicitate mai relevanta pentru utilizator;<\/li>\n<li>Masurarea, optimizarea si caracteristicile de Analytics \u2013 cum ar fi confirmarea unui anumit nivel de trafic pe un website, ce tip de continut este vizualizat si modul cum un utilizator ajunge pe un website (exemplu: prin motoare de cautare, direct, din alte website-uri etc). Website-urile deruleaza aceste analize ale utilizarii lor pentru a imbunatati site-urile in beneficiul user-ilor.<\/li>\n<\/ol>\n<p><strong>Ce tipuri de cookie-uri folosim?<\/strong><\/p>\n<p>Accesand acest site se pot plasa urmatoarele tipuri de cookie-uri:<\/p>\n<p>\u2013 de performan\u021b\u0103 a site-ului: acestea retin preferintele utilizatorului pe acest site;<\/p>\n<p>\u2013 de analiz\u0103 a vizitatorilor: acestea ne spun daca ati mai vizitat acest site pana acum; browserul ne va spune daca aveti acest cookie, iar daca nu, vom genera unul;<\/p>\n<p>\u2013 pentru geotargetting: acestea sunt utilizate de catre un soft care stabileste din ce tara proveniti, sunt complet anonime si sunt folosite doar pentru targetarea continutului;<\/p>\n<p>\u2013 de \u00eenregistrare: acestea ne anunta daca sunteti inregistrat sau nu, ne arata contul cu care sunteti inregistrat si daca aveti permisiunea pentru un anumit serviciu;<\/p>\n<p>\u2013 pentru publicitate: pe baza acestora putem afla daca ati vizualizat sau nu o reclama online, ce tip de reclama si cat timp a trecut de cand ati vizualizat aceasta reclama.<\/p>\n<p><strong>Cookie-urile contin date personale?<\/strong><\/p>\n<p>Cookie-urile in sine nu solicita informatii cu caracter personal pentru a putea fi utilizate si, in cele mai multe cazuri, nu identifica personal utilizatorii de internet. Datele personale pot fi colectate prin utilizarea Cookie-urilor doar pentru a facilita anumite functionalitati pentru utilizator.<\/p>\n<p><strong>Cum puteti modifica setarile cookie din browser-ul dumneavoastra?<\/strong><\/p>\n<p><strong>Stergerea Cookie-urilor<\/strong><\/p>\n<p>Aplicatiile folosite pentru accesarea paginilor web permit salvarea Cookie-urilor pe terminal in mod implicit. Aceste setari pot fi schimbate in asa fel incat administrarea automata a Cookie-urilor sa fie blocata de browser-ul web sau utilizatorul sa fie informat de fiecare data cand Cookie-uri sunt trimise catre terminalul sau. Informatii detaliate despre posibilitatile si modurile de administrare a Cookie-urilor pot fi gasite in zona de setari a aplicatiei (browser-ului web). Limitarea folosirii Cookie-urilor poate afecta anumite functionalitati ale paginii web.<\/p>\n<p>Majoritatea browserelor ofera posibilitatea de a schimba setarile cookie-urilor. Aceste setari se gasesc de regula in \u201coptiuni\u201d sau in meniul de \u201cpreferinte\u201d al browserului tau.<\/p>\n<p>Pentru a intelege aceste setari, urmatoarele linkuri pot fi folositoare, altfel puteti folosi optiunea \u201cajutor\u201d a browserului pentru mai multe detalii.<\/p>\n<p><a href=\"https:\/\/support.microsoft.com\/en-us\/kb\/196955\" target=\"_blank\" rel=\"noopener\">Cookie settings in Internet Explorer<\/a><\/p>\n<p><a href=\"https:\/\/support.mozilla.org\/en-US\/kb\/cookies-information-websites-store-on-your-computer?redirectlocale=en-US&#038;redirectslug=Cookies\" target=\"_blank\" rel=\"noopener\">Cookie settings in Firefox<\/a><\/p>\n<p><a href=\"https:\/\/support.google.com\/chrome\/answer\/95647?hl=en\" target=\"_blank\" rel=\"noopener\">Cookie settings in Chrome<\/a><\/p>\n<p><a href=\"https:\/\/support.apple.com\/kb\/PH5042?locale=en_US\" target=\"_blank\" rel=\"noopener\">Cookie settings in Safari<\/a><\/p>\n<p>Cu prietenie,<\/p>\n<p>Echipa S-Car<\/p>\n","protected":false},"excerpt":{"rendered":"<p>POLITICA PRIVIND PROCESAREA DATELOR PERSONALE V\u0103 inform\u0103m c\u0103 vom procesa datele dvs. personale \u00een conformitate cu principiile corectitudinii, legalit\u0103\u021bii, transparen\u021bei \u0219i protec\u021biei vie\u021bii private \u0219i a drepturilor dumneavoastr\u0103 \u0219i v\u0103 inform\u0103m despre urm\u0103toarele: S-CAR, \u00een calitate de operator de date cu caracter personal, S-Car SRL sediul: Strada Mihai Viteazul 4D, Cahul, email info@s-car.md Scopul tratamentului [&hellip;]<\/p>\n","protected":false},"author":1,"featured_media":0,"parent":0,"menu_order":0,"comment_status":"closed","ping_status":"closed","template":"page-gallery.php","meta":[],"_links":{"self":[{"href":"https:\/\/s-car.md\/ru\/wp-json\/wp\/v2\/pages\/482"}],"collection":[{"href":"https:\/\/s-car.md\/ru\/wp-json\/wp\/v2\/pages"}],"about":[{"href":"https:\/\/s-car.md\/ru\/wp-json\/wp\/v2\/types\/page"}],"author":[{"embeddable":true,"href":"https:\/\/s-car.md\/ru\/wp-json\/wp\/v2\/users\/1"}],"replies":[{"embeddable":true,"href":"https:\/\/s-car.md\/ru\/wp-json\/wp\/v2\/comments?post=482"}],"version-history":[{"count":2,"href":"https:\/\/s-car.md\/ru\/wp-json\/wp\/v2\/pages\/482\/revisions"}],"predecessor-version":[{"id":485,"href":"https:\/\/s-car.md\/ru\/wp-json\/wp\/v2\/pages\/482\/revisions\/485"}],"wp:attachment":[{"href":"https:\/\/s-car.md\/ru\/wp-json\/wp\/v2\/media?parent=482"}],"curies":[{"name":"wp","href":"https:\/\/api.w.org\/{rel}","templated":true}]}}